{"id":68,"date":"2022-11-21T22:08:08","date_gmt":"2022-11-21T22:08:08","guid":{"rendered":"https:\/\/www.sitioadministrable.com\/open\/laboratorio\/wordpress\/ambos\/?page_id=68"},"modified":"2023-10-04T22:17:29","modified_gmt":"2023-10-04T22:17:29","slug":"inicio","status":"publish","type":"page","link":"https:\/\/www.sitioadministrable.com\/open\/laboratorio\/wordpress\/ambos\/","title":{"rendered":"Inicio"},"content":{"rendered":"\t\t<div data-elementor-type=\"wp-page\" data-elementor-id=\"68\" class=\"elementor elementor-68\">\n\t\t\t\t\t\t\t\t\t<section class=\"elementor-section elementor-top-section elementor-element elementor-element-459de2d elementor-section-stretched elementor-section-full_width elementor-section-height-default elementor-section-height-default\" data-id=\"459de2d\" data-element_type=\"section\" data-settings=\"{&quot;stretch_section&quot;:&quot;section-stretched&quot;}\">\n\t\t\t\t\t\t<div class=\"elementor-container elementor-column-gap-no\">\n\t\t\t\t\t<div class=\"elementor-column elementor-col-100 elementor-top-column elementor-element elementor-element-74345fc0\" data-id=\"74345fc0\" data-element_type=\"column\">\n\t\t\t<div class=\"elementor-widget-wrap elementor-element-populated\">\n\t\t\t\t\t\t\t\t<div class=\"elementor-element elementor-element-57d384c elementor-pagination-position-inside elementor-widget elementor-widget-image-carousel\" data-id=\"57d384c\" data-element_type=\"widget\" data-settings=\"{&quot;slides_to_show&quot;:&quot;1&quot;,&quot;navigation&quot;:&quot;dots&quot;,&quot;pause_on_hover&quot;:&quot;no&quot;,&quot;_animation&quot;:&quot;none&quot;,&quot;autoplay&quot;:&quot;yes&quot;,&quot;pause_on_interaction&quot;:&quot;yes&quot;,&quot;autoplay_speed&quot;:5000,&quot;infinite&quot;:&quot;yes&quot;,&quot;effect&quot;:&quot;slide&quot;,&quot;speed&quot;:500}\" data-widget_type=\"image-carousel.default\">\n\t\t\t\t<div class=\"elementor-widget-container\">\n\t\t\t<style>\/*! elementor - v3.8.1 - 13-11-2022 *\/\n.elementor-widget-image-carousel .swiper-container{position:static}.elementor-widget-image-carousel .swiper-container .swiper-slide figure{line-height:inherit}.elementor-widget-image-carousel .swiper-slide{text-align:center}.elementor-image-carousel-wrapper:not(.swiper-container-initialized) .swiper-slide{max-width:calc(100% \/ var(--e-image-carousel-slides-to-show, 3))}<\/style>\t\t<div class=\"elementor-image-carousel-wrapper swiper-container\" dir=\"ltr\">\n\t\t\t<div class=\"elementor-image-carousel swiper-wrapper swiper-image-stretch\">\n\t\t\t\t\t\t\t\t<div class=\"swiper-slide\"><figure class=\"swiper-slide-inner\"><img decoding=\"async\" class=\"swiper-slide-image\" src=\"https:\/\/www.sitioadministrable.com\/open\/laboratorio\/wordpress\/ambos\/wp-content\/uploads\/2022\/11\/2.jpg\" alt=\"slide Ambos Editores\" \/><\/figure><\/div><div class=\"swiper-slide\"><figure class=\"swiper-slide-inner\"><img decoding=\"async\" class=\"swiper-slide-image\" src=\"https:\/\/www.sitioadministrable.com\/open\/laboratorio\/wordpress\/ambos\/wp-content\/uploads\/2022\/11\/0.jpg\" alt=\"LA CIUDADELA LAFERRI\u00c8RE\" \/><\/figure><\/div><div class=\"swiper-slide\"><figure class=\"swiper-slide-inner\"><img decoding=\"async\" class=\"swiper-slide-image\" src=\"https:\/\/www.sitioadministrable.com\/open\/laboratorio\/wordpress\/ambos\/wp-content\/uploads\/2022\/11\/1.jpg\" alt=\"slide Ambos Editores\" \/><\/figure><\/div>\t\t\t<\/div>\n\t\t\t\t\t\t\t\t\t\t\t\t<div class=\"swiper-pagination\"><\/div>\n\t\t\t\t\t\t\t\t\t\t\t\t\t<\/div>\n\t\t\t\t<\/div>\n\t\t\t\t<\/div>\n\t\t\t\t\t<\/div>\n\t\t<\/div>\n\t\t\t\t\t\t\t<\/div>\n\t\t<\/section>\n\t\t\t\t<section class=\"elementor-section elementor-top-section elementor-element elementor-element-a582396 elementor-section-boxed elementor-section-height-default elementor-section-height-default\" data-id=\"a582396\" data-element_type=\"section\">\n\t\t\t\t\t\t<div class=\"elementor-container elementor-column-gap-default\">\n\t\t\t\t\t<div class=\"elementor-column elementor-col-50 elementor-top-column elementor-element elementor-element-efb725a\" data-id=\"efb725a\" data-element_type=\"column\">\n\t\t\t<div class=\"elementor-widget-wrap elementor-element-populated\">\n\t\t\t\t\t\t\t\t<div class=\"elementor-element elementor-element-dc1cec7 elementor-widget elementor-widget-heading\" data-id=\"dc1cec7\" data-element_type=\"widget\" data-widget_type=\"heading.default\">\n\t\t\t\t<div class=\"elementor-widget-container\">\n\t\t\t<style>\/*! elementor - v3.8.1 - 13-11-2022 *\/\n.elementor-heading-title{padding:0;margin:0;line-height:1}.elementor-widget-heading .elementor-heading-title[class*=elementor-size-]>a{color:inherit;font-size:inherit;line-height:inherit}.elementor-widget-heading .elementor-heading-title.elementor-size-small{font-size:15px}.elementor-widget-heading .elementor-heading-title.elementor-size-medium{font-size:19px}.elementor-widget-heading .elementor-heading-title.elementor-size-large{font-size:29px}.elementor-widget-heading .elementor-heading-title.elementor-size-xl{font-size:39px}.elementor-widget-heading .elementor-heading-title.elementor-size-xxl{font-size:59px}<\/style><h1 class=\"elementor-heading-title elementor-size-default\">Publicaciones<\/h1>\t\t<\/div>\n\t\t\t\t<\/div>\n\t\t\t\t<section class=\"elementor-section elementor-inner-section elementor-element elementor-element-d2e2a8a elementor-section-boxed elementor-section-height-default elementor-section-height-default\" data-id=\"d2e2a8a\" data-element_type=\"section\">\n\t\t\t\t\t\t<div class=\"elementor-container elementor-column-gap-default\">\n\t\t\t\t\t<div class=\"elementor-column elementor-col-50 elementor-inner-column elementor-element elementor-element-2985842\" data-id=\"2985842\" data-element_type=\"column\">\n\t\t\t<div class=\"elementor-widget-wrap elementor-element-populated\">\n\t\t\t\t\t\t\t\t<div class=\"elementor-element elementor-element-da4a467 elementor-widget elementor-widget-htmega-flipbox-addons\" data-id=\"da4a467\" data-element_type=\"widget\" data-widget_type=\"htmega-flipbox-addons.default\">\n\t\t\t\t<div class=\"elementor-widget-container\">\n\t\t\t            \r\n            <div class=\"htmega-flip-box-area htmega-flip-box-style-2 htmega-flip-box-animation-right\">\r\n\r\n                <div class='htmega-flip-box-front'>\r\n                    <div class=\"front-container\">\r\n\r\n                                                <img loading=\"lazy\" decoding=\"async\" width=\"300\" height=\"400\" src=\"https:\/\/www.sitioadministrable.com\/open\/laboratorio\/wordpress\/ambos\/wp-content\/uploads\/2022\/11\/6.jpg\" class=\"attachment-full size-full\" alt=\"Frank\u00e9tienne\" srcset=\"https:\/\/www.sitioadministrable.com\/open\/laboratorio\/wordpress\/ambos\/wp-content\/uploads\/2022\/11\/6.jpg 300w, https:\/\/www.sitioadministrable.com\/open\/laboratorio\/wordpress\/ambos\/wp-content\/uploads\/2022\/11\/6-225x300.jpg 225w\" sizes=\"auto, (max-width: 300px) 100vw, 300px\" \/>                    <\/div>\r\n                    <div class=\"htmega-flip-overlay\"><\/div>\r\n                <\/div>\r\n\r\n                <div class='htmega-flip-box-back'>\r\n                    <div class=\"back-container\">\r\n                        <h2>A Punto de Reventar<\/h2><p>Autor:\u00a0Frank\u00e9tienne (haitiano)<\/p><div class=\"flp-btn\"><a href=\"https:\/\/www.sitioadministrable.com\/open\/laboratorio\/wordpress\/ambos\/literatura\/\">Ver publicaciones<\/a><\/div>                    <\/div>\r\n                    <div class=\"htmega-flip-overlay\"><\/div>\r\n                <\/div>\r\n\r\n            <\/div>\r\n\r\n        \t\t<\/div>\n\t\t\t\t<\/div>\n\t\t\t\t\t<\/div>\n\t\t<\/div>\n\t\t\t\t<div class=\"elementor-column elementor-col-50 elementor-inner-column elementor-element elementor-element-7384751\" data-id=\"7384751\" data-element_type=\"column\">\n\t\t\t<div class=\"elementor-widget-wrap elementor-element-populated\">\n\t\t\t\t\t\t\t\t<div class=\"elementor-element elementor-element-17ea7f2 elementor-widget elementor-widget-htmega-flipbox-addons\" data-id=\"17ea7f2\" data-element_type=\"widget\" data-widget_type=\"htmega-flipbox-addons.default\">\n\t\t\t\t<div class=\"elementor-widget-container\">\n\t\t\t            \r\n            <div class=\"htmega-flip-box-area htmega-flip-box-style-2 htmega-flip-box-animation-right\">\r\n\r\n                <div class='htmega-flip-box-front'>\r\n                    <div class=\"front-container\">\r\n\r\n                                                <img loading=\"lazy\" decoding=\"async\" width=\"300\" height=\"400\" src=\"https:\/\/www.sitioadministrable.com\/open\/laboratorio\/wordpress\/ambos\/wp-content\/uploads\/2022\/11\/11-1.jpg\" class=\"attachment-full size-full\" alt=\"\" srcset=\"https:\/\/www.sitioadministrable.com\/open\/laboratorio\/wordpress\/ambos\/wp-content\/uploads\/2022\/11\/11-1.jpg 300w, https:\/\/www.sitioadministrable.com\/open\/laboratorio\/wordpress\/ambos\/wp-content\/uploads\/2022\/11\/11-1-225x300.jpg 225w\" sizes=\"auto, (max-width: 300px) 100vw, 300px\" \/>                    <\/div>\r\n                    <div class=\"htmega-flip-overlay\"><\/div>\r\n                <\/div>\r\n\r\n                <div class='htmega-flip-box-back'>\r\n                    <div class=\"back-container\">\r\n                        <h2>Arte de P\u00e1jaros<\/h2><p>Autor:\u00a0Pablo Neruda (chileno)<\/p><div class=\"flp-btn\"><a href=\"https:\/\/www.sitioadministrable.com\/open\/laboratorio\/wordpress\/ambos\/poesia-bilingue\/\">Ver publicaciones<\/a><\/div>                    <\/div>\r\n                    <div class=\"htmega-flip-overlay\"><\/div>\r\n                <\/div>\r\n\r\n            <\/div>\r\n\r\n        \t\t<\/div>\n\t\t\t\t<\/div>\n\t\t\t\t\t<\/div>\n\t\t<\/div>\n\t\t\t\t\t\t\t<\/div>\n\t\t<\/section>\n\t\t\t\t\t<\/div>\n\t\t<\/div>\n\t\t\t\t<div class=\"elementor-column elementor-col-50 elementor-top-column elementor-element elementor-element-c7d76ae\" data-id=\"c7d76ae\" data-element_type=\"column\">\n\t\t\t<div class=\"elementor-widget-wrap elementor-element-populated\">\n\t\t\t\t\t\t\t\t<div class=\"elementor-element elementor-element-4dc8d64 elementor-widget elementor-widget-heading\" data-id=\"4dc8d64\" data-element_type=\"widget\" data-widget_type=\"heading.default\">\n\t\t\t\t<div class=\"elementor-widget-container\">\n\t\t\t<h2 class=\"elementor-heading-title elementor-size-default\">Exposiciones<\/h2>\t\t<\/div>\n\t\t\t\t<\/div>\n\t\t\t\t<section class=\"elementor-section elementor-inner-section elementor-element elementor-element-136132f elementor-section-boxed elementor-section-height-default elementor-section-height-default\" data-id=\"136132f\" data-element_type=\"section\">\n\t\t\t\t\t\t<div class=\"elementor-container elementor-column-gap-default\">\n\t\t\t\t\t<div class=\"elementor-column elementor-col-50 elementor-inner-column elementor-element elementor-element-17201c2\" data-id=\"17201c2\" data-element_type=\"column\">\n\t\t\t<div class=\"elementor-widget-wrap elementor-element-populated\">\n\t\t\t\t\t\t\t\t<div class=\"elementor-element elementor-element-177253f elementor-widget elementor-widget-htmega-flipbox-addons\" data-id=\"177253f\" data-element_type=\"widget\" data-widget_type=\"htmega-flipbox-addons.default\">\n\t\t\t\t<div class=\"elementor-widget-container\">\n\t\t\t            \r\n            <div class=\"htmega-flip-box-area htmega-flip-box-style-2 htmega-flip-box-animation-right\">\r\n\r\n                <div class='htmega-flip-box-front'>\r\n                    <div class=\"front-container\">\r\n\r\n                                                <img loading=\"lazy\" decoding=\"async\" width=\"300\" height=\"400\" src=\"https:\/\/www.sitioadministrable.com\/open\/laboratorio\/wordpress\/ambos\/wp-content\/uploads\/2022\/11\/3.jpg\" class=\"attachment-full size-full\" alt=\"coleccion ambos editores\" srcset=\"https:\/\/www.sitioadministrable.com\/open\/laboratorio\/wordpress\/ambos\/wp-content\/uploads\/2022\/11\/3.jpg 300w, https:\/\/www.sitioadministrable.com\/open\/laboratorio\/wordpress\/ambos\/wp-content\/uploads\/2022\/11\/3-225x300.jpg 225w\" sizes=\"auto, (max-width: 300px) 100vw, 300px\" \/>                    <\/div>\r\n                    <div class=\"htmega-flip-overlay\"><\/div>\r\n                <\/div>\r\n\r\n                <div class='htmega-flip-box-back'>\r\n                    <div class=\"back-container\">\r\n                        <h2>Pintura Haitiana<\/h2><p>Colecci\u00f3n de Ambos editores<\/p><div class=\"flp-btn\"><a href=\"https:\/\/www.sitioadministrable.com\/open\/laboratorio\/wordpress\/ambos\/pintura-haitiana\/\">Ver exposici\u00f3n<\/a><\/div>                    <\/div>\r\n                    <div class=\"htmega-flip-overlay\"><\/div>\r\n                <\/div>\r\n\r\n            <\/div>\r\n\r\n        \t\t<\/div>\n\t\t\t\t<\/div>\n\t\t\t\t\t<\/div>\n\t\t<\/div>\n\t\t\t\t<div class=\"elementor-column elementor-col-50 elementor-inner-column elementor-element elementor-element-6d5de01\" data-id=\"6d5de01\" data-element_type=\"column\">\n\t\t\t<div class=\"elementor-widget-wrap elementor-element-populated\">\n\t\t\t\t\t\t\t\t<div class=\"elementor-element elementor-element-6359390 elementor-widget elementor-widget-htmega-flipbox-addons\" data-id=\"6359390\" data-element_type=\"widget\" data-widget_type=\"htmega-flipbox-addons.default\">\n\t\t\t\t<div class=\"elementor-widget-container\">\n\t\t\t            \r\n            <div class=\"htmega-flip-box-area htmega-flip-box-style-2 htmega-flip-box-animation-right\">\r\n\r\n                <div class='htmega-flip-box-front'>\r\n                    <div class=\"front-container\">\r\n\r\n                                                <img loading=\"lazy\" decoding=\"async\" width=\"300\" height=\"400\" src=\"https:\/\/www.sitioadministrable.com\/open\/laboratorio\/wordpress\/ambos\/wp-content\/uploads\/2022\/11\/4.jpg\" class=\"attachment-full size-full\" alt=\"Citadelle La Ferri\u00e8re\" srcset=\"https:\/\/www.sitioadministrable.com\/open\/laboratorio\/wordpress\/ambos\/wp-content\/uploads\/2022\/11\/4.jpg 300w, https:\/\/www.sitioadministrable.com\/open\/laboratorio\/wordpress\/ambos\/wp-content\/uploads\/2022\/11\/4-225x300.jpg 225w\" sizes=\"auto, (max-width: 300px) 100vw, 300px\" \/>                    <\/div>\r\n                    <div class=\"htmega-flip-overlay\"><\/div>\r\n                <\/div>\r\n\r\n                <div class='htmega-flip-box-back'>\r\n                    <div class=\"back-container\">\r\n                        <h2>Citadelle La Ferri\u00e8re<\/h2><p>Fotograf\u00edas de\u00a0JOS\u00c9 ANTONIO MENDIZABAL<\/p><div class=\"flp-btn\"><a href=\"https:\/\/www.sitioadministrable.com\/open\/laboratorio\/wordpress\/ambos\/la-ciudadela-laferriere\/\">Ver exposici\u00f3n<\/a><\/div>                    <\/div>\r\n                    <div class=\"htmega-flip-overlay\"><\/div>\r\n                <\/div>\r\n\r\n            <\/div>\r\n\r\n        \t\t<\/div>\n\t\t\t\t<\/div>\n\t\t\t\t\t<\/div>\n\t\t<\/div>\n\t\t\t\t\t\t\t<\/div>\n\t\t<\/section>\n\t\t\t\t\t<\/div>\n\t\t<\/div>\n\t\t\t\t\t\t\t<\/div>\n\t\t<\/section>\n\t\t\t\t<section class=\"elementor-section elementor-top-section elementor-element elementor-element-38788401 elementor-section-stretched elementor-section-full_width elementor-section-height-default elementor-section-height-default\" data-id=\"38788401\" data-element_type=\"section\" data-settings=\"{&quot;stretch_section&quot;:&quot;section-stretched&quot;,&quot;background_background&quot;:&quot;classic&quot;}\">\n\t\t\t\t\t\t<div class=\"elementor-container elementor-column-gap-default\">\n\t\t\t\t\t<div class=\"elementor-column elementor-col-100 elementor-top-column elementor-element elementor-element-34243f40\" data-id=\"34243f40\" data-element_type=\"column\" data-settings=\"{&quot;background_background&quot;:&quot;gradient&quot;}\">\n\t\t\t<div class=\"elementor-widget-wrap elementor-element-populated\">\n\t\t\t\t\t\t\t\t<section class=\"elementor-section elementor-inner-section elementor-element elementor-element-4f62f580 elementor-section-boxed elementor-section-height-default elementor-section-height-default\" data-id=\"4f62f580\" data-element_type=\"section\">\n\t\t\t\t\t\t<div class=\"elementor-container elementor-column-gap-default\">\n\t\t\t\t\t<div class=\"elementor-column elementor-col-50 elementor-inner-column elementor-element elementor-element-63f112ee\" data-id=\"63f112ee\" data-element_type=\"column\">\n\t\t\t<div class=\"elementor-widget-wrap elementor-element-populated\">\n\t\t\t\t\t\t\t\t<div class=\"elementor-element elementor-element-142f147 elementor-widget elementor-widget-image\" data-id=\"142f147\" data-element_type=\"widget\" data-widget_type=\"image.default\">\n\t\t\t\t<div class=\"elementor-widget-container\">\n\t\t\t<style>\/*! elementor - v3.8.1 - 13-11-2022 *\/\n.elementor-widget-image{text-align:center}.elementor-widget-image a{display:inline-block}.elementor-widget-image a img[src$=\".svg\"]{width:48px}.elementor-widget-image img{vertical-align:middle;display:inline-block}<\/style>\t\t\t\t\t\t\t\t\t\t\t\t<img loading=\"lazy\" decoding=\"async\" width=\"218\" height=\"300\" src=\"https:\/\/www.sitioadministrable.com\/open\/laboratorio\/wordpress\/ambos\/wp-content\/uploads\/2023\/10\/pendon-ambos-editores-218x300.jpg\" class=\"attachment-medium size-medium\" alt=\"pend\u00f3n ambos editores\" srcset=\"https:\/\/www.sitioadministrable.com\/open\/laboratorio\/wordpress\/ambos\/wp-content\/uploads\/2023\/10\/pendon-ambos-editores-218x300.jpg 218w, https:\/\/www.sitioadministrable.com\/open\/laboratorio\/wordpress\/ambos\/wp-content\/uploads\/2023\/10\/pendon-ambos-editores.jpg 436w\" sizes=\"auto, (max-width: 218px) 100vw, 218px\" \/>\t\t\t\t\t\t\t\t\t\t\t\t\t\t\t<\/div>\n\t\t\t\t<\/div>\n\t\t\t\t\t<\/div>\n\t\t<\/div>\n\t\t\t\t<div class=\"elementor-column elementor-col-50 elementor-inner-column elementor-element elementor-element-5c7938c1\" data-id=\"5c7938c1\" data-element_type=\"column\">\n\t\t\t<div class=\"elementor-widget-wrap elementor-element-populated\">\n\t\t\t\t\t\t\t\t<div class=\"elementor-element elementor-element-617e155 elementor-widget elementor-widget-heading\" data-id=\"617e155\" data-element_type=\"widget\" data-widget_type=\"heading.default\">\n\t\t\t\t<div class=\"elementor-widget-container\">\n\t\t\t<h2 class=\"elementor-heading-title elementor-size-default\">Qui\u00e9nes somos<\/h2>\t\t<\/div>\n\t\t\t\t<\/div>\n\t\t\t\t<div class=\"elementor-element elementor-element-f8e8df5 elementor-widget elementor-widget-text-editor\" data-id=\"f8e8df5\" data-element_type=\"widget\" data-widget_type=\"text-editor.default\">\n\t\t\t\t<div class=\"elementor-widget-container\">\n\t\t\t<style>\/*! elementor - v3.8.1 - 13-11-2022 *\/\n.elementor-widget-text-editor.elementor-drop-cap-view-stacked .elementor-drop-cap{background-color:#818a91;color:#fff}.elementor-widget-text-editor.elementor-drop-cap-view-framed .elementor-drop-cap{color:#818a91;border:3px solid;background-color:transparent}.elementor-widget-text-editor:not(.elementor-drop-cap-view-default) .elementor-drop-cap{margin-top:8px}.elementor-widget-text-editor:not(.elementor-drop-cap-view-default) .elementor-drop-cap-letter{width:1em;height:1em}.elementor-widget-text-editor .elementor-drop-cap{float:left;text-align:center;line-height:1;font-size:50px}.elementor-widget-text-editor .elementor-drop-cap-letter{display:inline-block}<\/style>\t\t\t\t<p>AMBOS<em>editores<\/em>\u00a0inicia sus actividades en 2008 con el objetivo central de divulgar en el mundo de habla hispana la historia, la literatura y la cultura de Hait\u00ed mediante la traducci\u00f3n de obras escritas originalmente en franc\u00e9s o en haitiano.<\/p><p>Si bien AMBOS<em>editores<\/em>\u00a0pone \u00e9nfasis en la difusi\u00f3n de la cultura haitiana, tiene tambi\u00e9n como objetivo destacar y rescatar la trascendencia cultural de la presencia afro en Chile y Am\u00e9rica Latina as\u00ed como otros temas de inter\u00e9s social.<\/p>\t\t\t\t\t\t<\/div>\n\t\t\t\t<\/div>\n\t\t\t\t\t<\/div>\n\t\t<\/div>\n\t\t\t\t\t\t\t<\/div>\n\t\t<\/section>\n\t\t\t\t\t<\/div>\n\t\t<\/div>\n\t\t\t\t\t\t\t<\/div>\n\t\t<\/section>\n\t\t\t\t\t\t\t<\/div>\n\t\t","protected":false},"excerpt":{"rendered":"<p>Publicaciones A Punto de Reventar Autor:\u00a0Frank\u00e9tienne (haitiano) Ver publicaciones Arte de P\u00e1jaros Autor:\u00a0Pablo Neruda (chileno) Ver publicaciones Exposiciones Pintura Haitiana Colecci\u00f3n de Ambos editores Ver exposici\u00f3n Citadelle La Ferri\u00e8re Fotograf\u00edas de\u00a0JOS\u00c9 ANTONIO MENDIZABAL Ver exposici\u00f3n Qui\u00e9nes somos AMBOSeditores\u00a0inicia sus actividades en 2008 con el objetivo central de divulgar en el mundo de habla hispana la &#8230; <a title=\"Inicio\" class=\"read-more\" href=\"https:\/\/www.sitioadministrable.com\/open\/laboratorio\/wordpress\/ambos\/\" aria-label=\"M\u00e1s en Inicio\">Leer m\u00e1s<\/a><\/p>\n","protected":false},"author":1,"featured_media":0,"parent":0,"menu_order":0,"comment_status":"closed","ping_status":"closed","template":"elementor_header_footer","meta":{"_joinchat":[],"footnotes":""},"class_list":["post-68","page","type-page","status-publish"],"_links":{"self":[{"href":"https:\/\/www.sitioadministrable.com\/open\/laboratorio\/wordpress\/ambos\/wp-json\/wp\/v2\/pages\/68","targetHints":{"allow":["GET"]}}],"collection":[{"href":"https:\/\/www.sitioadministrable.com\/open\/laboratorio\/wordpress\/ambos\/wp-json\/wp\/v2\/pages"}],"about":[{"href":"https:\/\/www.sitioadministrable.com\/open\/laboratorio\/wordpress\/ambos\/wp-json\/wp\/v2\/types\/page"}],"author":[{"embeddable":true,"href":"https:\/\/www.sitioadministrable.com\/open\/laboratorio\/wordpress\/ambos\/wp-json\/wp\/v2\/users\/1"}],"replies":[{"embeddable":true,"href":"https:\/\/www.sitioadministrable.com\/open\/laboratorio\/wordpress\/ambos\/wp-json\/wp\/v2\/comments?post=68"}],"version-history":[{"count":56,"href":"https:\/\/www.sitioadministrable.com\/open\/laboratorio\/wordpress\/ambos\/wp-json\/wp\/v2\/pages\/68\/revisions"}],"predecessor-version":[{"id":753,"href":"https:\/\/www.sitioadministrable.com\/open\/laboratorio\/wordpress\/ambos\/wp-json\/wp\/v2\/pages\/68\/revisions\/753"}],"wp:attachment":[{"href":"https:\/\/www.sitioadministrable.com\/open\/laboratorio\/wordpress\/ambos\/wp-json\/wp\/v2\/media?parent=68"}],"curies":[{"name":"wp","href":"https:\/\/api.w.org\/{rel}","templated":true}]}}