{"id":254,"date":"2022-11-22T15:17:51","date_gmt":"2022-11-22T15:17:51","guid":{"rendered":"https:\/\/www.sitioadministrable.com\/open\/laboratorio\/wordpress\/ambos\/?page_id=254"},"modified":"2022-11-22T21:31:53","modified_gmt":"2022-11-22T21:31:53","slug":"poesia-bilingue","status":"publish","type":"page","link":"https:\/\/www.sitioadministrable.com\/open\/laboratorio\/wordpress\/ambos\/poesia-bilingue\/","title":{"rendered":"Poes\u00eda Biling\u00fce"},"content":{"rendered":"\t\t<div data-elementor-type=\"wp-page\" data-elementor-id=\"254\" class=\"elementor elementor-254\">\n\t\t\t\t\t\t\t\t\t<section class=\"elementor-section elementor-top-section elementor-element elementor-element-170d85d elementor-section-stretched elementor-section-boxed elementor-section-height-default elementor-section-height-default\" data-id=\"170d85d\" data-element_type=\"section\" data-settings=\"{&quot;stretch_section&quot;:&quot;section-stretched&quot;,&quot;background_background&quot;:&quot;classic&quot;}\">\n\t\t\t\t\t\t<div class=\"elementor-container elementor-column-gap-no\">\n\t\t\t\t\t<div class=\"elementor-column elementor-col-100 elementor-top-column elementor-element elementor-element-40bb8de\" data-id=\"40bb8de\" data-element_type=\"column\">\n\t\t\t<div class=\"elementor-widget-wrap elementor-element-populated\">\n\t\t\t\t\t\t\t\t<div class=\"elementor-element elementor-element-89c661b elementor-widget elementor-widget-heading\" data-id=\"89c661b\" data-element_type=\"widget\" data-widget_type=\"heading.default\">\n\t\t\t\t<div class=\"elementor-widget-container\">\n\t\t\t<style>\/*! elementor - v3.8.1 - 13-11-2022 *\/\n.elementor-heading-title{padding:0;margin:0;line-height:1}.elementor-widget-heading .elementor-heading-title[class*=elementor-size-]>a{color:inherit;font-size:inherit;line-height:inherit}.elementor-widget-heading .elementor-heading-title.elementor-size-small{font-size:15px}.elementor-widget-heading .elementor-heading-title.elementor-size-medium{font-size:19px}.elementor-widget-heading .elementor-heading-title.elementor-size-large{font-size:29px}.elementor-widget-heading .elementor-heading-title.elementor-size-xl{font-size:39px}.elementor-widget-heading .elementor-heading-title.elementor-size-xxl{font-size:59px}<\/style><h1 class=\"elementor-heading-title elementor-size-default\">Poes\u00eda y cuentos biling\u00fces<\/h1>\t\t<\/div>\n\t\t\t\t<\/div>\n\t\t\t\t\t<\/div>\n\t\t<\/div>\n\t\t\t\t\t\t\t<\/div>\n\t\t<\/section>\n\t\t\t\t<section class=\"elementor-section elementor-top-section elementor-element elementor-element-36114cb elementor-section-boxed elementor-section-height-default elementor-section-height-default\" data-id=\"36114cb\" data-element_type=\"section\">\n\t\t\t\t\t\t<div class=\"elementor-container elementor-column-gap-default\">\n\t\t\t\t\t<div class=\"elementor-column elementor-col-100 elementor-top-column elementor-element elementor-element-d301b79\" data-id=\"d301b79\" data-element_type=\"column\">\n\t\t\t<div class=\"elementor-widget-wrap elementor-element-populated\">\n\t\t\t\t\t\t\t\t<div class=\"elementor-element elementor-element-d521a59 elementor-widget elementor-widget-spacer\" data-id=\"d521a59\" data-element_type=\"widget\" data-widget_type=\"spacer.default\">\n\t\t\t\t<div class=\"elementor-widget-container\">\n\t\t\t<style>\/*! elementor - v3.8.1 - 13-11-2022 *\/\n.elementor-column .elementor-spacer-inner{height:var(--spacer-size)}.e-con{--container-widget-width:100%}.e-con-inner>.elementor-widget-spacer,.e-con>.elementor-widget-spacer{width:var(--container-widget-width,var(--spacer-size));-ms-flex-item-align:stretch;align-self:stretch;-ms-flex-negative:0;flex-shrink:0}.e-con-inner>.elementor-widget-spacer>.elementor-widget-container,.e-con-inner>.elementor-widget-spacer>.elementor-widget-container>.elementor-spacer,.e-con>.elementor-widget-spacer>.elementor-widget-container,.e-con>.elementor-widget-spacer>.elementor-widget-container>.elementor-spacer{height:100%}.e-con-inner>.elementor-widget-spacer>.elementor-widget-container>.elementor-spacer>.elementor-spacer-inner,.e-con>.elementor-widget-spacer>.elementor-widget-container>.elementor-spacer>.elementor-spacer-inner{height:var(--container-widget-height,var(--spacer-size))}<\/style>\t\t<div class=\"elementor-spacer\">\n\t\t\t<div class=\"elementor-spacer-inner\"><\/div>\n\t\t<\/div>\n\t\t\t\t<\/div>\n\t\t\t\t<\/div>\n\t\t\t\t\t<\/div>\n\t\t<\/div>\n\t\t\t\t\t\t\t<\/div>\n\t\t<\/section>\n\t\t\t\t<section class=\"elementor-section elementor-top-section elementor-element elementor-element-a582396 elementor-section-boxed elementor-section-height-default elementor-section-height-default\" data-id=\"a582396\" data-element_type=\"section\">\n\t\t\t\t\t\t<div class=\"elementor-container elementor-column-gap-default\">\n\t\t\t\t\t<div class=\"elementor-column elementor-col-33 elementor-top-column elementor-element elementor-element-efb725a\" data-id=\"efb725a\" data-element_type=\"column\">\n\t\t\t<div class=\"elementor-widget-wrap elementor-element-populated\">\n\t\t\t\t\t\t\t\t<div class=\"elementor-element elementor-element-0a0df71 elementor-widget elementor-widget-image\" data-id=\"0a0df71\" data-element_type=\"widget\" data-widget_type=\"image.default\">\n\t\t\t\t<div class=\"elementor-widget-container\">\n\t\t\t<style>\/*! elementor - v3.8.1 - 13-11-2022 *\/\n.elementor-widget-image{text-align:center}.elementor-widget-image a{display:inline-block}.elementor-widget-image a img[src$=\".svg\"]{width:48px}.elementor-widget-image img{vertical-align:middle;display:inline-block}<\/style>\t\t\t\t\t\t\t\t\t\t\t\t<img loading=\"lazy\" decoding=\"async\" width=\"385\" height=\"600\" src=\"https:\/\/www.sitioadministrable.com\/open\/laboratorio\/wordpress\/ambos\/wp-content\/uploads\/2022\/11\/revitude146-1.jpg\" class=\"attachment-large size-large\" alt=\"revitude\" srcset=\"https:\/\/www.sitioadministrable.com\/open\/laboratorio\/wordpress\/ambos\/wp-content\/uploads\/2022\/11\/revitude146-1.jpg 385w, https:\/\/www.sitioadministrable.com\/open\/laboratorio\/wordpress\/ambos\/wp-content\/uploads\/2022\/11\/revitude146-1-193x300.jpg 193w\" sizes=\"auto, (max-width: 385px) 100vw, 385px\" \/>\t\t\t\t\t\t\t\t\t\t\t\t\t\t\t<\/div>\n\t\t\t\t<\/div>\n\t\t\t\t\t<\/div>\n\t\t<\/div>\n\t\t\t\t<div class=\"elementor-column elementor-col-33 elementor-top-column elementor-element elementor-element-e2953d6\" data-id=\"e2953d6\" data-element_type=\"column\">\n\t\t\t<div class=\"elementor-widget-wrap elementor-element-populated\">\n\t\t\t\t\t\t\t\t<div class=\"elementor-element elementor-element-9d8fbd3 elementor-widget elementor-widget-heading\" data-id=\"9d8fbd3\" data-element_type=\"widget\" data-widget_type=\"heading.default\">\n\t\t\t\t<div class=\"elementor-widget-container\">\n\t\t\t<h1 class=\"elementor-heading-title elementor-size-default\">Caracter\u00edsticas<\/h1>\t\t<\/div>\n\t\t\t\t<\/div>\n\t\t\t\t<div class=\"elementor-element elementor-element-4744c1c elementor-widget elementor-widget-text-editor\" data-id=\"4744c1c\" data-element_type=\"widget\" data-widget_type=\"text-editor.default\">\n\t\t\t\t<div class=\"elementor-widget-container\">\n\t\t\t<style>\/*! elementor - v3.8.1 - 13-11-2022 *\/\n.elementor-widget-text-editor.elementor-drop-cap-view-stacked .elementor-drop-cap{background-color:#818a91;color:#fff}.elementor-widget-text-editor.elementor-drop-cap-view-framed .elementor-drop-cap{color:#818a91;border:3px solid;background-color:transparent}.elementor-widget-text-editor:not(.elementor-drop-cap-view-default) .elementor-drop-cap{margin-top:8px}.elementor-widget-text-editor:not(.elementor-drop-cap-view-default) .elementor-drop-cap-letter{width:1em;height:1em}.elementor-widget-text-editor .elementor-drop-cap{float:left;text-align:center;line-height:1;font-size:50px}.elementor-widget-text-editor .elementor-drop-cap-letter{display:inline-block}<\/style>\t\t\t\t<p>T\u00edtulo: Islas del Futuro\/ R\u00eavitude<br \/>Autor: Jean Jacques Pierre-Paul<br \/>Pa\u00eds: Hait\u00ed<br \/>Tipo: poes\u00eda<br \/>P\u00e1ginas: 202 p\u00e1gs.<br \/>Tama\u00f1o: 13.5 x 21 cm <br \/>A\u00f1o: 2010. <br \/>ISBN\u00a0<\/p>\t\t\t\t\t\t<\/div>\n\t\t\t\t<\/div>\n\t\t\t\t\t<\/div>\n\t\t<\/div>\n\t\t\t\t<div class=\"elementor-column elementor-col-33 elementor-top-column elementor-element elementor-element-c7d76ae\" data-id=\"c7d76ae\" data-element_type=\"column\">\n\t\t\t<div class=\"elementor-widget-wrap elementor-element-populated\">\n\t\t\t\t\t\t\t\t<div class=\"elementor-element elementor-element-4dc8d64 elementor-widget elementor-widget-heading\" data-id=\"4dc8d64\" data-element_type=\"widget\" data-widget_type=\"heading.default\">\n\t\t\t\t<div class=\"elementor-widget-container\">\n\t\t\t<h2 class=\"elementor-heading-title elementor-size-default\">Descripci\u00f3n<\/h2>\t\t<\/div>\n\t\t\t\t<\/div>\n\t\t\t\t<div class=\"elementor-element elementor-element-e320f31 elementor-widget elementor-widget-text-editor\" data-id=\"e320f31\" data-element_type=\"widget\" data-widget_type=\"text-editor.default\">\n\t\t\t\t<div class=\"elementor-widget-container\">\n\t\t\t\t\t\t\t<p>Poes\u00eda, biling\u00fce castellano\/franc\u00e9s.<br \/>Joven m\u00e9dico y poeta haitiano nacido en Jacmel, Hait\u00ed, tierra de artistas nos entrega una estremecedora obra po\u00e9tica.<\/p>\t\t\t\t\t\t<\/div>\n\t\t\t\t<\/div>\n\t\t\t\t\t<\/div>\n\t\t<\/div>\n\t\t\t\t\t\t\t<\/div>\n\t\t<\/section>\n\t\t\t\t<section class=\"elementor-section elementor-top-section elementor-element elementor-element-833c9d8 elementor-section-boxed elementor-section-height-default elementor-section-height-default\" data-id=\"833c9d8\" data-element_type=\"section\" data-settings=\"{&quot;background_background&quot;:&quot;classic&quot;}\">\n\t\t\t\t\t\t<div class=\"elementor-container elementor-column-gap-default\">\n\t\t\t\t\t<div class=\"elementor-column elementor-col-33 elementor-top-column elementor-element elementor-element-8f7ae47\" data-id=\"8f7ae47\" data-element_type=\"column\">\n\t\t\t<div class=\"elementor-widget-wrap elementor-element-populated\">\n\t\t\t\t\t\t\t\t<div class=\"elementor-element elementor-element-7cef78e elementor-widget elementor-widget-image\" data-id=\"7cef78e\" data-element_type=\"widget\" data-widget_type=\"image.default\">\n\t\t\t\t<div class=\"elementor-widget-container\">\n\t\t\t\t\t\t\t\t\t\t\t\t\t\t\t<img loading=\"lazy\" decoding=\"async\" width=\"382\" height=\"600\" src=\"https:\/\/www.sitioadministrable.com\/open\/laboratorio\/wordpress\/ambos\/wp-content\/uploads\/2022\/11\/arte-de-pajaros143-1.jpg\" class=\"attachment-large size-large\" alt=\"arte de pajaros\" srcset=\"https:\/\/www.sitioadministrable.com\/open\/laboratorio\/wordpress\/ambos\/wp-content\/uploads\/2022\/11\/arte-de-pajaros143-1.jpg 382w, https:\/\/www.sitioadministrable.com\/open\/laboratorio\/wordpress\/ambos\/wp-content\/uploads\/2022\/11\/arte-de-pajaros143-1-191x300.jpg 191w\" sizes=\"auto, (max-width: 382px) 100vw, 382px\" \/>\t\t\t\t\t\t\t\t\t\t\t\t\t\t\t<\/div>\n\t\t\t\t<\/div>\n\t\t\t\t\t<\/div>\n\t\t<\/div>\n\t\t\t\t<div class=\"elementor-column elementor-col-33 elementor-top-column elementor-element elementor-element-875632e\" data-id=\"875632e\" data-element_type=\"column\">\n\t\t\t<div class=\"elementor-widget-wrap elementor-element-populated\">\n\t\t\t\t\t\t\t\t<div class=\"elementor-element elementor-element-c1e21c7 elementor-widget elementor-widget-heading\" data-id=\"c1e21c7\" data-element_type=\"widget\" data-widget_type=\"heading.default\">\n\t\t\t\t<div class=\"elementor-widget-container\">\n\t\t\t<h1 class=\"elementor-heading-title elementor-size-default\">Caracter\u00edsticas<\/h1>\t\t<\/div>\n\t\t\t\t<\/div>\n\t\t\t\t<div class=\"elementor-element elementor-element-85c1cf8 elementor-widget elementor-widget-text-editor\" data-id=\"85c1cf8\" data-element_type=\"widget\" data-widget_type=\"text-editor.default\">\n\t\t\t\t<div class=\"elementor-widget-container\">\n\t\t\t\t\t\t\t<p>T\u00edtulo: Arte de P\u00e1jaros<br \/>Autor: Pablo Neruda<br \/>Pa\u00eds:\u00a0<br \/>Tipo:\u00a0\u00a0<br \/>P\u00e1ginas:\u00a0<br \/>Tama\u00f1o:\u00a0<br \/>A\u00f1o:\u00a0<br \/>ISBN<\/p>\t\t\t\t\t\t<\/div>\n\t\t\t\t<\/div>\n\t\t\t\t\t<\/div>\n\t\t<\/div>\n\t\t\t\t<div class=\"elementor-column elementor-col-33 elementor-top-column elementor-element elementor-element-ffcb117\" data-id=\"ffcb117\" data-element_type=\"column\">\n\t\t\t<div class=\"elementor-widget-wrap elementor-element-populated\">\n\t\t\t\t\t\t\t\t<div class=\"elementor-element elementor-element-44be63c elementor-widget elementor-widget-heading\" data-id=\"44be63c\" data-element_type=\"widget\" data-widget_type=\"heading.default\">\n\t\t\t\t<div class=\"elementor-widget-container\">\n\t\t\t<h2 class=\"elementor-heading-title elementor-size-default\">Descripci\u00f3n<\/h2>\t\t<\/div>\n\t\t\t\t<\/div>\n\t\t\t\t<div class=\"elementor-element elementor-element-b62fd96 elementor-widget elementor-widget-text-editor\" data-id=\"b62fd96\" data-element_type=\"widget\" data-widget_type=\"text-editor.default\">\n\t\t\t\t<div class=\"elementor-widget-container\">\n\t\t\t\t\t\t\t<p>versi\u00f3n biling\u00fce castellano creol, con ilustraciones de Julio Esc\u00e1mez y traducci\u00f3n de Jean Jacques Pierre-Paul<\/p>\t\t\t\t\t\t<\/div>\n\t\t\t\t<\/div>\n\t\t\t\t\t<\/div>\n\t\t<\/div>\n\t\t\t\t\t\t\t<\/div>\n\t\t<\/section>\n\t\t\t\t<section class=\"elementor-section elementor-top-section elementor-element elementor-element-1064a13 elementor-section-boxed elementor-section-height-default elementor-section-height-default\" data-id=\"1064a13\" data-element_type=\"section\">\n\t\t\t\t\t\t<div class=\"elementor-container elementor-column-gap-default\">\n\t\t\t\t\t<div class=\"elementor-column elementor-col-33 elementor-top-column elementor-element elementor-element-23805d8\" data-id=\"23805d8\" data-element_type=\"column\">\n\t\t\t<div class=\"elementor-widget-wrap elementor-element-populated\">\n\t\t\t\t\t\t\t\t<div class=\"elementor-element elementor-element-d9c117d elementor-widget elementor-widget-image\" data-id=\"d9c117d\" data-element_type=\"widget\" data-widget_type=\"image.default\">\n\t\t\t\t<div class=\"elementor-widget-container\">\n\t\t\t\t\t\t\t\t\t\t\t\t\t\t\t<img loading=\"lazy\" decoding=\"async\" width=\"603\" height=\"600\" src=\"https:\/\/www.sitioadministrable.com\/open\/laboratorio\/wordpress\/ambos\/wp-content\/uploads\/2022\/11\/lagoslin142-1.jpg\" class=\"attachment-large size-large\" alt=\"lagoslin\" srcset=\"https:\/\/www.sitioadministrable.com\/open\/laboratorio\/wordpress\/ambos\/wp-content\/uploads\/2022\/11\/lagoslin142-1.jpg 603w, https:\/\/www.sitioadministrable.com\/open\/laboratorio\/wordpress\/ambos\/wp-content\/uploads\/2022\/11\/lagoslin142-1-300x300.jpg 300w, https:\/\/www.sitioadministrable.com\/open\/laboratorio\/wordpress\/ambos\/wp-content\/uploads\/2022\/11\/lagoslin142-1-150x150.jpg 150w\" sizes=\"auto, (max-width: 603px) 100vw, 603px\" \/>\t\t\t\t\t\t\t\t\t\t\t\t\t\t\t<\/div>\n\t\t\t\t<\/div>\n\t\t\t\t\t<\/div>\n\t\t<\/div>\n\t\t\t\t<div class=\"elementor-column elementor-col-33 elementor-top-column elementor-element elementor-element-2706dbb\" data-id=\"2706dbb\" data-element_type=\"column\">\n\t\t\t<div class=\"elementor-widget-wrap elementor-element-populated\">\n\t\t\t\t\t\t\t\t<div class=\"elementor-element elementor-element-69e1f72 elementor-widget elementor-widget-heading\" data-id=\"69e1f72\" data-element_type=\"widget\" data-widget_type=\"heading.default\">\n\t\t\t\t<div class=\"elementor-widget-container\">\n\t\t\t<h1 class=\"elementor-heading-title elementor-size-default\">Caracter\u00edsticas<\/h1>\t\t<\/div>\n\t\t\t\t<\/div>\n\t\t\t\t<div class=\"elementor-element elementor-element-0b8da28 elementor-widget elementor-widget-text-editor\" data-id=\"0b8da28\" data-element_type=\"widget\" data-widget_type=\"text-editor.default\">\n\t\t\t\t<div class=\"elementor-widget-container\">\n\t\t\t\t\t\t\t<p>T\u00edtulo: LAGOSELIN<br \/>Autor: Elizabeth Jolic\u0153ur<br \/>Pa\u00eds: Hait\u00ed<br \/>Tipo: Colecci\u00f3n Cuentos biling\u00fces<br \/>P\u00e1ginas: 40 p\u00e1gs.<br \/>Tama\u00f1o:\u00a0<br \/>A\u00f1o: 2019. <br \/>ISBN 978-956-8725-14-3<\/p>\t\t\t\t\t\t<\/div>\n\t\t\t\t<\/div>\n\t\t\t\t\t<\/div>\n\t\t<\/div>\n\t\t\t\t<div class=\"elementor-column elementor-col-33 elementor-top-column elementor-element elementor-element-a547998\" data-id=\"a547998\" data-element_type=\"column\">\n\t\t\t<div class=\"elementor-widget-wrap elementor-element-populated\">\n\t\t\t\t\t\t\t\t<div class=\"elementor-element elementor-element-3a0a992 elementor-widget elementor-widget-heading\" data-id=\"3a0a992\" data-element_type=\"widget\" data-widget_type=\"heading.default\">\n\t\t\t\t<div class=\"elementor-widget-container\">\n\t\t\t<h2 class=\"elementor-heading-title elementor-size-default\">Descripci\u00f3n<\/h2>\t\t<\/div>\n\t\t\t\t<\/div>\n\t\t\t\t<div class=\"elementor-element elementor-element-4bf717a elementor-widget elementor-widget-text-editor\" data-id=\"4bf717a\" data-element_type=\"widget\" data-widget_type=\"text-editor.default\">\n\t\t\t\t<div class=\"elementor-widget-container\">\n\t\t\t\t\t\t\t<p>La peque\u00f1a Lin sufre las consecuencias de la\u00a0 devastadora sequ\u00eda que asola\u00a0 su regi\u00f3n: orfandad y explotaci\u00f3n. Con perseverancia.\u00a0<br \/><span style=\"color: var( --e-global-color-text ); background-color: var(--base-3);\">Ilustrado 4 colores.<\/span><\/p>\t\t\t\t\t\t<\/div>\n\t\t\t\t<\/div>\n\t\t\t\t\t<\/div>\n\t\t<\/div>\n\t\t\t\t\t\t\t<\/div>\n\t\t<\/section>\n\t\t\t\t\t\t\t<\/div>\n\t\t","protected":false},"excerpt":{"rendered":"<p>Poes\u00eda y cuentos biling\u00fces Caracter\u00edsticas T\u00edtulo: Islas del Futuro\/ R\u00eavitudeAutor: Jean Jacques Pierre-PaulPa\u00eds: Hait\u00edTipo: poes\u00edaP\u00e1ginas: 202 p\u00e1gs.Tama\u00f1o: 13.5 x 21 cm A\u00f1o: 2010. ISBN\u00a0 Descripci\u00f3n Poes\u00eda, biling\u00fce castellano\/franc\u00e9s.Joven m\u00e9dico y poeta haitiano nacido en Jacmel, Hait\u00ed, tierra de artistas nos entrega una estremecedora obra po\u00e9tica. Caracter\u00edsticas T\u00edtulo: Arte de P\u00e1jarosAutor: Pablo NerudaPa\u00eds:\u00a0Tipo:\u00a0\u00a0P\u00e1ginas:\u00a0Tama\u00f1o:\u00a0A\u00f1o:\u00a0ISBN Descripci\u00f3n versi\u00f3n biling\u00fce &#8230; <a title=\"Poes\u00eda Biling\u00fce\" class=\"read-more\" href=\"https:\/\/www.sitioadministrable.com\/open\/laboratorio\/wordpress\/ambos\/poesia-bilingue\/\" aria-label=\"M\u00e1s en Poes\u00eda Biling\u00fce\">Leer m\u00e1s<\/a><\/p>\n","protected":false},"author":1,"featured_media":0,"parent":0,"menu_order":0,"comment_status":"closed","ping_status":"closed","template":"elementor_header_footer","meta":{"_joinchat":[],"footnotes":""},"class_list":["post-254","page","type-page","status-publish"],"_links":{"self":[{"href":"https:\/\/www.sitioadministrable.com\/open\/laboratorio\/wordpress\/ambos\/wp-json\/wp\/v2\/pages\/254","targetHints":{"allow":["GET"]}}],"collection":[{"href":"https:\/\/www.sitioadministrable.com\/open\/laboratorio\/wordpress\/ambos\/wp-json\/wp\/v2\/pages"}],"about":[{"href":"https:\/\/www.sitioadministrable.com\/open\/laboratorio\/wordpress\/ambos\/wp-json\/wp\/v2\/types\/page"}],"author":[{"embeddable":true,"href":"https:\/\/www.sitioadministrable.com\/open\/laboratorio\/wordpress\/ambos\/wp-json\/wp\/v2\/users\/1"}],"replies":[{"embeddable":true,"href":"https:\/\/www.sitioadministrable.com\/open\/laboratorio\/wordpress\/ambos\/wp-json\/wp\/v2\/comments?post=254"}],"version-history":[{"count":16,"href":"https:\/\/www.sitioadministrable.com\/open\/laboratorio\/wordpress\/ambos\/wp-json\/wp\/v2\/pages\/254\/revisions"}],"predecessor-version":[{"id":422,"href":"https:\/\/www.sitioadministrable.com\/open\/laboratorio\/wordpress\/ambos\/wp-json\/wp\/v2\/pages\/254\/revisions\/422"}],"wp:attachment":[{"href":"https:\/\/www.sitioadministrable.com\/open\/laboratorio\/wordpress\/ambos\/wp-json\/wp\/v2\/media?parent=254"}],"curies":[{"name":"wp","href":"https:\/\/api.w.org\/{rel}","templated":true}]}}